{"id":13,"date":"2022-08-10T11:18:09","date_gmt":"2022-08-10T09:18:09","guid":{"rendered":"https:\/\/cg.ik.w-hs.de\/?page_id=13"},"modified":"2025-08-29T10:39:36","modified_gmt":"2025-08-29T08:39:36","slug":"person","status":"publish","type":"page","link":"https:\/\/cg.ik.w-hs.de\/index.php\/person\/","title":{"rendered":"Person"},"content":{"rendered":"<div class=\"wp-block-image is-style-default\">\n<figure class=\"alignright size-full\"><img loading=\"lazy\" decoding=\"async\" width=\"220\" height=\"283\" src=\"https:\/\/cg.ik.w-hs.de\/wp-content\/uploads\/2022\/08\/Gregor_Lux.jpg\" alt=\"\" class=\"wp-image-194\" srcset=\"https:\/\/cg.ik.w-hs.de\/wp-content\/uploads\/2022\/08\/Gregor_Lux.jpg 220w, https:\/\/cg.ik.w-hs.de\/wp-content\/uploads\/2022\/08\/Gregor_Lux-100x129.jpg 100w, https:\/\/cg.ik.w-hs.de\/wp-content\/uploads\/2022\/08\/Gregor_Lux-150x193.jpg 150w, https:\/\/cg.ik.w-hs.de\/wp-content\/uploads\/2022\/08\/Gregor_Lux-200x257.jpg 200w\" sizes=\"auto, (max-width: 220px) 100vw, 220px\" \/><figcaption class=\"wp-element-caption\">Gregor Lux<\/figcaption><\/figure>\n<\/div>\n\n\n<p><strong><a href=\"https:\/\/www.w-hs.de\/service\/informationen-zur-person\/person\/lux\/\" target=\"_blank\" rel=\"noreferrer noopener\">Prof. Dr.-Ing. Gregor Lux<\/a><\/strong><\/p>\n\n\n\n<p>Fachbereich 3<br>Informatik &amp; Kommunikation<\/p>\n\n\n\n<p><\/p>\n\n\n\n<p><strong>Telefon: <\/strong>+49 209.9596.531<br><strong>Mail<\/strong>: gregor.lux at w-hs.de<\/p>\n\n\n\n<p>Westf\u00e4lische Hochschule<br>Neidenburgerstrasse 43<br>45897 Gelsenkirchen<\/p>\n\n\n\n<p><a href=\"https:\/\/www.w-hs.de\/service\/informationen-zur-person\/person\/lux\/\" target=\"_blank\" rel=\"noreferrer noopener\">Personenseite Westf\u00e4lische Hochschule<\/a><\/p>\n\n\n\n<p><\/p>\n\n\n\n<div style=\"height:70px\" aria-hidden=\"true\" class=\"wp-block-spacer\"><\/div>\n\n\n\n<h2 class=\"wp-block-heading\">Akademischer Werdegang<\/h2>\n\n\n\n<div class=\"wp-block-columns is-layout-flex wp-container-core-columns-is-layout-9d6595d7 wp-block-columns-is-layout-flex\">\n<div class=\"wp-block-column is-layout-flow wp-block-column-is-layout-flow\">\n<div class=\"wp-block-columns is-layout-flex wp-container-core-columns-is-layout-9d6595d7 wp-block-columns-is-layout-flex\">\n<div class=\"wp-block-column is-layout-flow wp-block-column-is-layout-flow\"><\/div>\n\n\n\n<div class=\"wp-block-column is-layout-flow wp-block-column-is-layout-flow\"><\/div>\n<\/div>\n<\/div>\n<\/div>\n\n\n\n<h3 class=\"wp-block-heading\">2007 &#8211; 2011<\/h3>\n\n\n\n<p>Dekan des FB Informatik<br>FH Gelsenkirchen<\/p>\n\n\n\n<h3 class=\"wp-block-heading\">2000 \u2013 2007<\/h3>\n\n\n\n<p>Prodekan des FB Informatik<br>FH Gelsenkirchen<\/p>\n\n\n\n<h3 class=\"wp-block-heading\">1998<\/h3>\n\n\n\n<p>Berufung auf die Professor f\u00fcr Computergrafik (C3)<br>FH Gelsenkirchen<\/p>\n\n\n\n<h3 class=\"wp-block-heading\">1996 \u2013 1997<\/h3>\n\n\n\n<p>Berufst\u00e4tigkeit: Lehrstuhlvertretung Graphische Datenverarbeitung<br>BTU Cottbus<\/p>\n\n\n\n<h3 class=\"wp-block-heading\">1992 \u2013 1996<\/h3>\n\n\n\n<p>Projektleiter (C3)<br>TH Darmstadt<\/p>\n\n\n\n<h3 class=\"wp-block-heading\">1991<\/h3>\n\n\n\n<p>Promotion zum Dr.-Ing. in Informatik<br>TH Darmstadt<\/p>\n\n\n\n<h3 class=\"wp-block-heading\">1984 \u2013 1991<\/h3>\n\n\n\n<p>Projektmitarbeiter und Projektleiter<br>Zentrum f\u00fcr Graphische Datenverarbeitung<\/p>\n\n\n\n<h3 class=\"wp-block-heading\">1984<\/h3>\n\n\n\n<p>Studienabschluss (Diplom) in Informatik<br>TH Darmstadt<\/p>\n\n\n\n<div style=\"height:100px\" aria-hidden=\"true\" class=\"wp-block-spacer\"><\/div>\n\n\n\n<h2 class=\"wp-block-heading\">Publikationen<\/h2>\n\n\n\n<ul class=\"wp-block-list\">\n<li>Marks, S.; Conen, W.; Kollakowsky, T.; Lux, G.: Evolving autonomous locomotion of virtual characters in a simulated physical environment via neural networks and evolutionary strategies. Short paper. In: Proceedings of the Ninth International Conference on Computer Graphics and Artificial Intelligence (3IA\u00b42006, Limoges, France, 23.-24.5.2006), 2006.<\/li>\n\n\n\n<li>Salmen, K.; Sickelmann, S.; Lux, G.: Acceleration of Radiosity with Programmable Graphics Hardware. In: Proceedings of the Eighth International Conference on Humans and Computers (HC-2005, Aizu, Japan, 31.8.-2.9.2005), S. 274-279, 2005.<\/li>\n\n\n\n<li>Lux, G.: Zur Validit\u00e4t interaktiver graphischer Simulationsdarstellungen. In: Lorenz, P.; Preim, B. (Hrsg.): Simulation und Visualisierung \u00b498 (Tagungsband Fachtagung \u201eSimulation und Visualisierung 98\u201c, Magdeburg, 5.-6. M\u00e4rz 1998), S.342-348, Society for Computer Simulation (SCS), SCS Publications, 1998. (Version im Tagungsband besch\u00e4digt, korrekte Version beim Autor erh\u00e4ltlich)<\/li>\n\n\n\n<li>Hornung, C.; K\u00fchnapfel, B.; Lux, G.: MUSE \u2013 Cooperative Design of Complex Heterogeneous Systems. In: Gausemeier, J.: Proc. Intl. Symposium on Global Engineering Networking (GEN \u201997, Antwerpen, 22.-24. April 1997), HNISchriftenreihe, Band 21, S. 159-183, 1997<\/li>\n\n\n\n<li>Lux, G.: A Design Methodology to Maintain Consistency between Functional Behavior and Multimedia Presentation. In: Proc. Intl. Workshop on Multimedia Software Development (MMSD \u201996, Berlin, 25.-26. M\u00e4rz 1996), S. 89-97, IEEE Computer Society Press, 1996<\/li>\n\n\n\n<li>Lux, G.: Das DFG-Forschungsprojekt MUSE \u2013 Multimediale Systementwicklung. Informatik Forschung und Entwicklung, Rubrik Forschungs- und Entwicklungsprojekte, Band 10, Nr. 4, S. 219-221, 1995<\/li>\n\n\n\n<li>Henhapl, W.; Lux, G.: View-Konzept auf der Basis von Vererbung. Forschungsbericht im Projekt MUSE (Nr. muse-95-6), Technische Hochschule Darmstadt, Oktober 1995<\/li>\n\n\n\n<li>Deegener, M.; John, W.; K\u00fchnapfel, B.; L\u00f6hr, M.; Lux, G.; Wirth, H.: A Basic Architecture for the Development of an Distributed Interactive Simulator. In: Breitenecker, F.; Husinsky, I. (Hrsg.): Proc. EUROSIM `95 (Wien, 11.-15. September 1995), S. 357-362, Elsevier (North-Holland), 1995<\/li>\n\n\n\n<li>Deegener, M.; John, W.; K\u00fchnapfel, B.; L\u00f6hr, M.; Lux, G.; Wirth, H.: Eine Architektur f\u00fcr die Entwicklung von verteilten interaktiven Simulatoren. In: Lux, G.; Schroeder, U. (Hrsg.): Tagungsband 8. Workshop Simulation und K\u00fcnstliche Intelligenz (Darmstadt, 5.-6. April 1995). Arbeitsgemeinschaft Simulation (ASIM), ASIM-Mitteilungen, Heft 49, 1995. Publikationsverzeichnis G. Lux<\/li>\n\n\n\n<li>Lux, G.; Schroeder, U. (Hrsg.): 8. Workshop Simulation und K\u00fcnstliche Intelligenz (Darmstadt, 5.-6. April 1995). ASIM, ASIM-Mitteilungen, Heft 49, 1995.<\/li>\n\n\n\n<li>Deegener, M.; Lux, G.: Die MUSE-Referenzanwendung \u201eHinterachszusatzlenkung\u201c. Forschungsbericht im Projekt MUSE (Nr. muse-94-1), Technische Hochschule Darmstadt, 1994.<\/li>\n\n\n\n<li>Andelfinger, U.; Lux, G.; Schroeder, U.: Unterst\u00fctzung der Validierung von technischen Systemmodellen durch Sicherstellung der Konsistenz auf verschiedenen Ebenen. In: Hamel, P. (Hrsg.): Tagungsband 7. Workshop Simulation und K\u00fcnstliche Intelligenz (Braunschweig, 13.-14. April 1994). Arbeitsgemeinschaft Simulation (ASIM), 1994.<\/li>\n\n\n\n<li>Deegener, M.; John, W.; K\u00fchnapfel, B.; L\u00f6hr, M.; Lux, G.; Wirth, H.: MUSE \u2013 Multimediale Systementwicklung. Audiovisuelle Projektbeschreibung (5 min, S-VHS), 1994.<\/li>\n\n\n\n<li>Lux, G.: MUSE \u2013 A Technical Systems Engineering Environment. In: Verbraeck, A., Kerckhoffs, E.J.H. (eds.): Proc. ESS \u201993 European Simulation Symposium (Delft, 25.-28. Oktober 1993), S. 293-298, Society for Computer Simulation (SCS), SCS Publications, 1993.<\/li>\n\n\n\n<li>Lux, G.: MUSE \u2013 Multimediale Systementwicklung. In: Sydow, A. (Hrsg.): Berichte 8. Symposium Simulationstechnik (Berlin, 28.-30. September 1993), S. 203-206, Vieweg-Verlag, Braunschweig\/Wiesbaden,1993.<\/li>\n\n\n\n<li>Lux, G.: Multimediale Techniken bei der Spezifikation und Simulation technischer Systeme. In: Sczcerbicka, H.; Ziegler, P. (Hrsg.): Tagungsband 6. Workshop Simulation und K\u00fcnstliche Intelligenz (Karlsruhe, 22.-23. April 1993), Arbeitsgemeinschaft Simulation (ASIM), ASIM-Mitteilungen, Heft 35, 1993.<\/li>\n\n\n\n<li>Dingeldein, D.; Lux, G.: THESEUS++: A High Level User Interface Toolkit for Graphical Applications. Computers &amp; Graphics, Vol. 17, No. 2, S. 147-154, 1993.<\/li>\n\n\n\n<li>Lux, G.: Objektorientierte Graphik-Ausgabe f\u00fcr Benutzerschnittstellen-Werkzeuge. In: Encarna\u00e7\u00e3o, J. (Hrsg.): Telekommunikation und multimediale Anwendungen der Informatik, S. 488-497, Informatik Fachberichte 293, Springer-Verlag, 1991.<\/li>\n\n\n\n<li>Lux, G.: Graphische Ausgabe f\u00fcr Werkzeuge zur Entwicklung interaktiver Benutzerschnittstellen. Dissertation, Technische Hochschule Darmstadt, Fachbereich Informatik, 1991.<\/li>\n\n\n\n<li>H\u00fcbner, W., Lux-M\u00fclders, G.: Objektorientierte Programmierung von Benutzerschnittstellen. CAD-CAM Report, Jahrgang 9, Teil 1: Heft 2, S. 76-83, Teil 2: Heft 3, S. 118-130, 1990.<\/li>\n\n\n\n<li>Lux-M\u00fclders, G.: An Object-Oriented Graphical Output Model. Proc. EUROGRAPHICS Workshop on Object Oriented Graphics, K\u00f6nigswinter, 6.-8. Juni 1990.<\/li>\n\n\n\n<li>Lux-M\u00fclders, G.: Integration graphischer Normen in Fensterumgebungen. Informatik Spektrum, Band 13, Heft 3, S. 151-162, 1990. Publikationsverzeichnis G. Lux<\/li>\n\n\n\n<li>H\u00fcbner, W., Lux-M\u00fclders, G., Muth, M.: THESEUS \u2013 Ein System zur Programmierung graphischer Benutzerschnittstellen. Informatik Forschung und Entwicklung, Band 4, Heft 4, S. 205-222, 1989.<\/li>\n\n\n\n<li>Baumann, P.; K\u00f6hler, D.; Lux-M\u00fclders, G.; Poller, J.: Workshop Graphik-Datenbanken. Forschungsbericht FAGD-88i012, (Tagungsbericht Workshop Graphik-Datenbanken, Heiligkreuzsteinach, 4.-5. August 1988), Fraunhofer-Arbeitsgruppe f\u00fcr Graphische Datenverarbeitung, Darmstadt, Dezember 1988.<\/li>\n\n\n\n<li>Eckardt, D.; H\u00fcbner, W.; Lux-M\u00fclders, G.; Muth, M.: GKS*: Konzept und Spezifikation. ZGDV-Forschungsbericht 26\/88, Zentrum f\u00fcr Graphische Datenverarbeitung (ZGDV), Darmstadt, 1988.<\/li>\n\n\n\n<li>Lux-M\u00fclders, G., H\u00fcbner, W., Muth, M., Brand, U., N\u00f6tling, T.: An approach for the integration of general purpose graphics systems and window management. The Visual Computer, Nr. 4\/88, S. 159-171, 1988.<\/li>\n\n\n\n<li>Eckardt, D.; H\u00fcbner, W.; Lux-M\u00fclders, G.; Muth, M.: Graphische Datenverarbeitung als Hilfsmittel zur Gestaltung moderner Mensch-Rechner-Schnittstellen. State-of-the-Art 4, Ingenieurgraphik, Oldenbourg-Verlag, 1987.<\/li>\n\n\n\n<li>Eckardt, D.; H\u00fcbner, W.; Lux-M\u00fclders, G.; Muth, M.: Graphische Benutzerschnittstellen. Computer Magazin, Nr. 6\/87, S. 31-33, 1987.<\/li>\n\n\n\n<li>H\u00fcbner, W.; Lux-M\u00fclders, G.; Muth, M.: Designing a System to Provide Graphical User Interfaces: The THESEUS Approach. In: Marechal, G. (ed.): Proc. EUROGRAPHICS \u201987 (Amsterdam, 24.-28. August 1987), S. 309-321, Elsevier (North Holland), 1987.<\/li>\n\n\n\n<li>H\u00fcbner, W.; Lux-M\u00fclders, G.: I\/O Constructs. Working Group Final Report. In: Williams, A. (ed.): Proc. EUROGRAPHICS Workshop on Higher Level Tools for Window Managers, 1987.<\/li>\n\n\n\n<li>H\u00fcbner, W.; Lux-M\u00fclders, G.; Muth, M.: THESEUS \u2013 Die Benutzungsoberfl\u00e4che der UNIBASE-Softwareentwicklungsumgebung. Springer-Verlag, 1987.<\/li>\n\n\n\n<li>Kunz, R.; Lux, G.: Anwendungen f\u00fcr Darstellungsgraphik auf der Grundlage von GKS. In: Encarna\u00e7\u00e3o, J. (Hrsg.): Aktuelle Themen der Graphischen Datenverarbeitung, S. 209-239, Springer-Verlag, 1986.<\/li>\n\n\n\n<li>H\u00fcbner, W.; Lux, G.; Muth, M.; Weber, H.R.: Einheitliche graphische Benutzungsoberfl\u00e4chen. ZGDV-Forschungsbericht 1\/85, Zentrum f\u00fcr Graphische Datenverarbeitung (ZGDV), Darmstadt, 1985.<\/li>\n<\/ul>\n","protected":false},"excerpt":{"rendered":"<p>Prof. Dr.-Ing. Gregor Lux Fachbereich 3Informatik &amp; Kommunikation Telefon: +49 209.9596.531Mail: gregor.lux at w-hs.de Westf\u00e4lische HochschuleNeidenburgerstrasse 4345897 Gelsenkirchen Personenseite Westf\u00e4lische Hochschule Akademischer Werdegang 2007 &#8211; 2011 Dekan des FB InformatikFH Gelsenkirchen 2000 \u2013 2007 Prodekan des FB InformatikFH Gelsenkirchen 1998 &hellip;<\/p>\n<p class=\"read-more\"> <a class=\"more-link\" href=\"https:\/\/cg.ik.w-hs.de\/index.php\/person\/\"> <span class=\"screen-reader-text\">Person<\/span> Weiterlesen &raquo;<\/a><\/p>\n","protected":false},"author":1,"featured_media":0,"parent":0,"menu_order":0,"comment_status":"closed","ping_status":"closed","template":"full-width-page.php","meta":{"footnotes":""},"class_list":["post-13","page","type-page","status-publish","hentry"],"_links":{"self":[{"href":"https:\/\/cg.ik.w-hs.de\/index.php\/wp-json\/wp\/v2\/pages\/13","targetHints":{"allow":["GET"]}}],"collection":[{"href":"https:\/\/cg.ik.w-hs.de\/index.php\/wp-json\/wp\/v2\/pages"}],"about":[{"href":"https:\/\/cg.ik.w-hs.de\/index.php\/wp-json\/wp\/v2\/types\/page"}],"author":[{"embeddable":true,"href":"https:\/\/cg.ik.w-hs.de\/index.php\/wp-json\/wp\/v2\/users\/1"}],"replies":[{"embeddable":true,"href":"https:\/\/cg.ik.w-hs.de\/index.php\/wp-json\/wp\/v2\/comments?post=13"}],"version-history":[{"count":37,"href":"https:\/\/cg.ik.w-hs.de\/index.php\/wp-json\/wp\/v2\/pages\/13\/revisions"}],"predecessor-version":[{"id":361,"href":"https:\/\/cg.ik.w-hs.de\/index.php\/wp-json\/wp\/v2\/pages\/13\/revisions\/361"}],"wp:attachment":[{"href":"https:\/\/cg.ik.w-hs.de\/index.php\/wp-json\/wp\/v2\/media?parent=13"}],"curies":[{"name":"wp","href":"https:\/\/api.w.org\/{rel}","templated":true}]}}